{"id":9974,"date":"2021-01-09T15:55:45","date_gmt":"2021-01-09T14:55:45","guid":{"rendered":"https:\/\/sulima.pl\/?page_id=9974"},"modified":"2024-07-16T23:08:15","modified_gmt":"2024-07-16T21:08:15","slug":"i-nostri-rappresentanti","status":"publish","type":"page","link":"https:\/\/it.sulima.eu\/index.php\/i-nostri-rappresentanti\/","title":{"rendered":"I nostri rappresentanti"},"content":{"rendered":"[vc_row type=&#8221;full_width_content&#8221; full_screen_row_position=&#8221;middle&#8221; column_margin=&#8221;default&#8221; column_direction=&#8221;default&#8221; column_direction_tablet=&#8221;default&#8221; column_direction_phone=&#8221;default&#8221; scene_position=&#8221;center&#8221; text_color=&#8221;dark&#8221; text_align=&#8221;left&#8221; row_border_radius=&#8221;none&#8221; row_border_radius_applies=&#8221;bg&#8221; overlay_strength=&#8221;0.3&#8243; gradient_direction=&#8221;left_to_right&#8221; shape_divider_position=&#8221;bottom&#8221; bg_image_animation=&#8221;none&#8221; shape_type=&#8221;&#8221;][vc_column column_padding=&#8221;no-extra-padding&#8221; column_padding_tablet=&#8221;inherit&#8221; column_padding_phone=&#8221;inherit&#8221; column_padding_position=&#8221;all&#8221; background_color_opacity=&#8221;1&#8243; background_hover_color_opacity=&#8221;1&#8243; column_shadow=&#8221;none&#8221; column_border_radius=&#8221;none&#8221; column_link_target=&#8221;_self&#8221; gradient_direction=&#8221;left_to_right&#8221; overlay_strength=&#8221;0.3&#8243; width=&#8221;1\/1&#8243; tablet_width_inherit=&#8221;default&#8221; tablet_text_alignment=&#8221;default&#8221; phone_text_alignment=&#8221;default&#8221; column_border_width=&#8221;none&#8221; column_border_style=&#8221;solid&#8221; bg_image_animation=&#8221;none&#8221;][nectar_gmap map_type=&#8221;leaflet&#8221; zoom=&#8221;7&#8243; marker_style=&#8221;default&#8221; color=&#8221;accent-color&#8221; marker_image=&#8221;6117&#8243; size=&#8221;1000&#8243; map_center_lat=&#8221;51.874243&#8243; map_center_lng=&#8221;20.1068767&#8243; map_markers=&#8221;53.4085831|14.4950122|<b>Medea Piotr Adamczyk<\/b> Krakowska 23, 71-017 Szczecin, tel.: 691 393 336, 91 483 49 24, rafalkluj@medea.biz.pl, biuro@medea.biz.pl<br \/>\n54.2543435|18.6234791|<b>NIKO WeAreForYou<\/b> F. Nowowiejskiego 28, 83-000 Pruszcz Gda\u0144ski, tel.: 606899566, biuro@nikochemia.pl<br \/>\n53.5636517|18.8787064|<b>Firma Handlowa MARGOLA Mariola Marek<\/b> Zaro\u015ble 37, 86-318 Rog\u00f3\u017ano, tel.: 691025052, biuro.margola@gmail.com<br \/>\n53.0599302|18.249441|<b> Les Higiena Sp. z o. o.<\/b> Unii Europejskiej 12, 86-050 Solec Kujawski, tel.: 523798988, les@leshigiena.pl, leshigiena.pl<br \/>\n52.5646922|19.7040543|<b> ALFA Pawe\u0142 Por\u0119bski<\/b> Kostrogaj 9, 09-400 P\u0142ock, tel.: 242687652, biuro@alfa-pl.com<br \/>\n51.9410282|15.4894168|<b> PROEKO Leszek Zemankiewicz<\/b> Wiejska 8, 65-609 Zielona G\u00f3ra, tel.: 604916700, biuro@proeko24.pl, proeko24.pl<br \/>\n51.7764311|18.0829961|<b> SULIMA-PICHIEWICZ<\/b> Stefana \u017beromskiego 13, 62-800 Kalisz, tel.: 603864554, sulimapichiewicz@gmail.com<br \/>\n52.2238751|19.4172938|<b> AGROMA POZNA\u0143 A.A.<\/b> Skl\u0119czkowska 42, 99-300 Kutno, tel.: 243553202, agroma@agromapolsad.pl, agromapolsad.pl<br \/>\n51.7296934|19.4592583|<b> Firma Handlowa MARWO Krakowiak \u017baneta<\/b> Cio\u0142kowskiego 5\/7, 93-510 \u0141\u00f3d\u017a, tel.: 501793171, biuro@marwo.com.pl, marwo.com.pl<br \/>\n52.5344596|21.6919969|<b> EKO PLUS Tomasz Sulich<\/b> Al. \u0141ochowska 73, 07-130 \u0141och\u00f3w, tel.: 512558028, biuro.sulich@gmail.com<br \/>\n52.31207|21.14764|<b> ALCAR Robert Maciej S\u0119dziak<\/b> Marecka 18, 05-220 Zielonka, tel.: 602315599, 600733215, alcar1@o2.pl<br \/>\n53.1208529|23.1206041|<b> Przedsi\u0119biorstwo Handlowo- Us\u0142ugowe EURO-MOT Sp. z o. o.<\/b> Octowa 8, 15-399 Bia\u0142ystok, tel.: 857423573, biuro@euro-mot.pl, euro-mot.pl<br \/>\n51.395693|21.1735741|<b>AMRAD S.A<\/b> Pu\u0142awska 8, 26-600 Radom, tel.: 48 365 54 93, amrad@amrad.pl, amrad.pl<br \/>\n51.2107463|22.6418772|<b> Jonar Joanna Nar\u00f3g<\/b> Kalin\u00f3wka ul. Malwowa 28, 21-040 \u015awidnik, tel.: 817519785, jonar@jonar.pl, jonar.pl<br \/>\n50.8493224|20.644671|<b> P.P.U.H. Semiramida Sp. z o. o.<\/b>, ul. Hauke Bosaka 6, 25-217 Kielce, tel.: 413612824, biuro@semiramida.pl, semiramida.pl<br \/>\n50.30362|18.9483256|<b> PHU Gomix<\/b> 3-go Maja 12, 41-500 Chorz\u00f3w, tel.: 601867357, gomix@op.pl<br \/>\n51.1240723|16.9921121|<b> Nurt Sp. j.<\/b> ul. Bia\u0142owieska 32A, 54-235 Wroc\u0142aw, tel.: 71-350-10-90; 71-355-98-65; 601-633-415, biuro@nurt.wroclaw.pl<br \/>\n50.701749|18.7401438|<b> E-M s.c. Wioletta Cierpio\u0142-Miosga, Jerzy Miosga<\/b>, Lubliniecka 65, 42-713 Kochanowice, tel.: 515592992, emsulima@jerzymiosga.pl<br \/>\n50.0429484|19.9415549|<b> ELAN-VITAL s.c. Maria i Jan Mostowik<\/b>, D\u0142ugosza 17, Krak\u00f3w, tel.: 126561588, biuro@elan-vital.com.pl<br \/>\n49.8092793|19.0158878|<b> P.P.H.U. LAUFER S\u0142awomir Waszek<\/b> Szarotki 34, 43-303 Bielsko-Bia\u0142a, tel.: 338182918, poczta@laufer.pl, www.laufer.pl<br \/>\n49.6244405|20.7197523|<b> Przedsi\u0119biorstwo Handlowe Volpex Piotr Wolak<\/b> ul. Lwowska 131, 33-300 Nowy S\u0105cz, tel.: 691059004, zaopatrzenie@volpex.com.pl, volpex.com.pl<br \/>\n50.0158245|22.0126668|<b> SULIMA-ART Pawe\u0142 Jarosi\u0144ski<\/b> Powsta\u0144c\u00f3w Warszawy 42\/24, 35-040 Rzesz\u00f3w, tel.: 604802124, jarosinski62@gmail.com<br \/>\n49.9954391|22.6658706|<b> Firma Wielobran\u017cowa K\u0142opot<\/b> Widna G\u00f3ra ul Jaros\u0142awska 62, 37-500 Jaros\u0142aw, tel.: 166217599, bhpklopot@interia.pl, www.klopot.com.pl<br \/>\n50.2392021|21.7820452|<b> BRAMMER S.A.<\/b> Handlowa 2 A, 36-100 Kolbuszowa, tel.: 17 227 00 00, brammer@brammer.pl<br \/>\n50.2856872|21.4380158|<b> ELAN-VITAL s.c. Maria i Jan Mostowik<\/b> Piaskowa 9, 39-300 Mielec, tel.: 175831464, jmarszalekev@wp.pl<br \/>\n52.3690608|21.1477759|<b> ABC Higiena Andrzej Gurba, Piotr Krasowski s.c.<\/b>, P\u00f3lko 12, 05-270 Nadma, tel.: 22 7811400, biuro@abchigiena.com<br \/>\n54.1166516|22.9425988|<b> FHU PARTNER Krzysztof Chmielewski<\/b>, Nowomiejska 4\/24, 16-400 Suwa\u0142ki, tel.: 502764398<br \/>\n50.8261038|20.5273726|<b> KIMSID Sp. z o. o.<\/b>, Zg\u00f3rsko 85, 26-052 Nowiny, tel.: 668019018, 413417468, info@kimsid.pl<br \/>\n50.0840811|19.8991206|<b> Firma ZAB\u0141OCKI Micha\u0142 Bajorek<\/b>, Radzikowskiego 51, 31-315 Krak\u00f3w, tel.: 126267140, zablocki@zablocki.pl<br \/>\n50.0730398|19.9182632|<b> Globen Logistyka<\/b>, Nowowiejska 8, 30-052 Krak\u00f3w, tel.: 601412604, juma@globen.pl<br \/>\n50.0124902|20.9436435|<b> ELPRO Janusz Bogacz<\/b>, ul. Wies\u0142awa Wody 21, 33-100 Tarn\u00f3w, tel.: 601 53 53 56, elpro_tarnow@op.pl<br \/>\n50.5571|22.06558|<b> Firma Handlowo Us\u0142ugowa RADMAX<\/b>, ul. Solidarno\u015bci 8, 37-450 Stalowa Wola, tel.: 789-333-688, radmax@radmax.com.pl<br \/>\n51.3911011|21.138708|<b> 2-E s.c.<\/b>, ul. 1905 Roku 30A, 26-600 Radom, tel.: 483622222, biuro@2-e.com.pl<br \/>\n52.1554588|21.0509265|<b> ARTY Artur Czo\u0142omiej<\/b>, Nugat 8\/61, 02-776 Warszawa, tel.: 530304502; 228754511, Biuro.arty@gmail.com<br \/>\n52.0596744503012|21.2199098| <strong>P.H.U Europol Galas Sylwester<\/strong>, Nadbrze\u017c 80D, 05-480 Nadbrze\u017c, tel.: 605461004, czysciwa@o2.pl<br \/>\n49.028894|24.3613198|<b> \u041b\u0443\u0446\u0456\u0432 \u0420\u0443\u0441\u043b\u0430\u043d \u0420\u0443\u0441\u043b\u0430\u043do\u0432\u0446\u0447<\/b> \u041a\u0430\u043b\u0443\u0448, tel.: +38095 161 71 80, +38067 660 61 66, ruslanlutsiv@ukr.net<br \/>\n53.433542078101745|22.78472962888006|<b>SOLVE Robert Wi\u015bniewski<\/b> Hornostaje 4, 19-100 Mo\u0144ki, tel.: 730 665 499, kontakt@solverw.pl&#8221; marker_image_width=&#8221;18&#8243; marker_image_height=&#8221;18&#8243;][\/vc_column][\/vc_row][vc_row type=&#8221;in_container&#8221; full_screen_row_position=&#8221;middle&#8221; column_margin=&#8221;default&#8221; column_direction=&#8221;default&#8221; column_direction_tablet=&#8221;default&#8221; column_direction_phone=&#8221;default&#8221; scene_position=&#8221;center&#8221; top_padding=&#8221;3%&#8221; bottom_padding=&#8221;3%&#8221; text_color=&#8221;dark&#8221; text_align=&#8221;left&#8221; row_border_radius=&#8221;none&#8221; row_border_radius_applies=&#8221;bg&#8221; overlay_strength=&#8221;0.3&#8243; gradient_direction=&#8221;left_to_right&#8221; shape_divider_position=&#8221;bottom&#8221; bg_image_animation=&#8221;none&#8221; shape_type=&#8221;&#8221;][vc_column column_padding=&#8221;no-extra-padding&#8221; column_padding_tablet=&#8221;inherit&#8221; column_padding_phone=&#8221;inherit&#8221; column_padding_position=&#8221;all&#8221; background_color_opacity=&#8221;1&#8243; background_hover_color_opacity=&#8221;1&#8243; column_shadow=&#8221;none&#8221; column_border_radius=&#8221;none&#8221; column_link_target=&#8221;_self&#8221; gradient_direction=&#8221;left_to_right&#8221; overlay_strength=&#8221;0.3&#8243; width=&#8221;1\/2&#8243; tablet_width_inherit=&#8221;default&#8221; tablet_text_alignment=&#8221;default&#8221; phone_text_alignment=&#8221;default&#8221; column_border_width=&#8221;none&#8221; column_border_style=&#8221;solid&#8221; bg_image_animation=&#8221;none&#8221;][vc_column_text]<b>Medea Piotr Adamczyk<\/b><br \/>\nul. Krakowska 23<br \/>\n71-017 Szczecin<br \/>\ntel.: 691 393 336; 91 483 49 24<br \/>\n<a href=\"mailto:rafalkluj@medea.biz.pl\">rafalkluj@medea.biz.pl<\/a>; <a href=\"mailto:biuro@medea.biz.pl\">biuro@medea.biz.pl<\/a><\/p>\n<p><b>NIKO WeAreForYou<\/b><br \/>\nul. F. Nowowiejskiego 28<br \/>\n83-000 Pruszcz Gda\u0144ski<br \/>\ntel.: 606 899 566<br \/>\n<a href=\"mailto:biuro@nikochemia.pl\">biuro@nikochemia.pl<\/a><\/p>\n<p><b>Firma Handlowa \u201eMARGOLA\u201d Mariola Marek<\/b><br \/>\nul. Zaro\u015ble 37<br \/>\n86-318 Rog\u00f3\u017ano<br \/>\ntel.: 691 025 052<br \/>\n<a href=\"mailto:biuro.margola@gmail.com\">biuro.margola@gmail.com<\/a><\/p>\n<p><b>Les Higiena Sp. z\u00a0o. o.<\/b><br \/>\nul. Unii Europejskiej 12<br \/>\n86-050 Solec Kujawski<br \/>\ntel.: 52 379 89 88<br \/>\n<a href=\"mailto:les@leshigiena.pl\">les@leshigiena.pl<\/a><br \/>\nleshigiena.pl<\/p>\n<p><b>ALFA Pawe\u0142 Por\u0119bski<\/b><br \/>\nul. Kostrogaj 9<br \/>\n09-400 P\u0142ock<br \/>\ntel.: 24 268 76 52<br \/>\n<a href=\"mailto:biuro@alfa-pl.com\">biuro@alfa-pl.com<\/a><\/p>\n<p><b>PROEKO Leszek Zemankiewicz<\/b><br \/>\nul. Wiejska 8<br \/>\n65-609 Zielona G\u00f3ra<br \/>\ntel.: 604 916 700<br \/>\n<a href=\"mailto:biuro@proeko24.pl\">biuro@proeko24.pl<\/a><br \/>\nproeko24.pl<\/p>\n<p><b>SULIMA-PICHIEWICZ<\/b><br \/>\nul. Stefana \u017beromskiego 13<br \/>\n62-800 Kalisz<br \/>\ntel.: 603 864 554<br \/>\n<a href=\"mailto:sulimapichiewicz@gmail.com\">sulimapichiewicz@gmail.com<\/a><\/p>\n<p><b>AGROMA POZNA\u0143 S.A.<\/b><br \/>\nul. Skl\u0119czkowska 42<br \/>\n99-300 Kutno<br \/>\ntel.: 24 355 32 02<br \/>\n<a href=\"mailto:agroma@agromapolsad.pl\">agroma@agromapolsad.pl<\/a><br \/>\nagromapolsad.pl<\/p>\n<p><b>Firma Handlowa MARWO Krakowiak \u017baneta<\/b><br \/>\nul. Cio\u0142kowskiego 5\/7<br \/>\n93-510 \u0141\u00f3d\u017a<br \/>\ntel.: 501 793 171<br \/>\n<a href=\"mailto:biuro@marwo.com.pl\">biuro@marwo.com.pl<\/a><br \/>\nmarwo.com.pl<\/p>\n<p><b>EKO PLUS Tomasz Sulich<\/b><br \/>\nAl.\u00a0\u0141ochowska 73<br \/>\n07-130 \u0141och\u00f3w<br \/>\ntel.: 512 558 028<br \/>\n<a href=\"mailto:biuro.sulich@gmail.com\">biuro.sulich@gmail.com<\/a><br \/>\nwww.chemiapro.pl<\/p>\n<p><b>ALCAR Robert Maciej S\u0119dziak<\/b><br \/>\nul. Marecka 18<br \/>\n05-220 Zielonka<br \/>\ntel.: 602 315 599; 600 733 215<br \/>\n<a href=\"mailto:alcar1@o2.pl\">alcar1@o2.pl<\/a><\/p>\n<p><b>Przedsi\u0119biorstwo Handlowo- Us\u0142ugowe EURO-MOT Sp. z\u00a0o. o.<\/b><br \/>\nul. Octowa 8<br \/>\n15-399 Bia\u0142ystok<br \/>\ntel.: 85 742 35 73<br \/>\n<a href=\"mailto:biuro@euro-mot.pl\">biuro@euro-mot.pl<\/a><br \/>\neuro-mot.pl<\/p>\n<p><b>AMRAD S.A.<\/b><br \/>\nul. Pu\u0142awska 8<br \/>\n26-600 Radom<br \/>\ntel.: 48 365 54 93<br \/>\n<a href=\"mailto:amrad@amrad.pl\">amrad@amrad.pl<\/a><br \/>\n<a href=\"http:\/\/amrad.pl\">amrad.pl<\/a><\/p>\n<p><b>Jonar Joanna Nar\u00f3g<\/b><br \/>\nul. Kalin\u00f3wka ul. Malwowa 28<br \/>\n21-040 \u015awidnik<br \/>\ntel.: 81 751 97 85<br \/>\n<a href=\"mailto:jonar@jonar.pl\">jonar@jonar.pl<\/a><br \/>\njonar.pl<\/p>\n<p><b>P.P.U.H. Semiramida Sp. z\u00a0o. o.<\/b><br \/>\nul.\u00a0Hauke Bosaka 6<br \/>\n25-217 Kielce<br \/>\ntel.: 41 361 28 24<br \/>\n<a href=\"mailto:biuro@semiramida.pl\">biuro@semiramida.pl<\/a><br \/>\nsemiramida.pl<\/p>\n<p><b>PHU Gomix<\/b><br \/>\nul. 3-go Maja 12<br \/>\n41-500 Chorz\u00f3w<br \/>\ntel.: 601 867 357<br \/>\n<a href=\"mailto:gomix@op.pl\">gomix@op.pl<\/a><\/p>\n<p><b>Nurt Sp. j.<\/b><br \/>\nul.\u00a0Bia\u0142owieska 32A<br \/>\n54-235 Wroc\u0142aw<br \/>\ntel.: 71 350 10 90; 71 355 98 65; 601 633 415<br \/>\n<a href=\"mailto:biuro@nurt.wroclaw.pl\">biuro@nurt.wroclaw.pl<\/a><\/p>\n<p><b>E-M Jerzy Miosga<\/b><br \/>\nul. Lubliniecka 65<br \/>\n42-713 Kochanowice<br \/>\ntel.: 515 592 992<br \/>\n<a href=\"mailto:emsulima@jerzymiosga.pl\">em@jerzymiosga.pl<\/a><\/p>\n<p><b>ELAN-VITAL s.c. Maria i\u00a0Jan Mostowik<\/b><br \/>\nul. D\u0142ugosza 17<br \/>\n30-512 Krak\u00f3w<br \/>\ntel.: 12 656 15 88<br \/>\n<a href=\"mailto:biuro@elan-vital.com.pl\">biuro@elan-vital.com.pl<\/a><\/p>\n<p><b>P.P.H.U. LAUFER S\u0142awomir Waszek<\/b><br \/>\nul Szarotki 34<br \/>\n43-303 Bielsko-Bia\u0142a<br \/>\ntel.: 33 818 29 18<br \/>\npoczta@laufer.pl<br \/>\n<a href=\"http:\/\/www.laufer.pl\">www.laufer.pl<\/a>[\/vc_column_text][\/vc_column][vc_column column_padding=&#8221;no-extra-padding&#8221; column_padding_tablet=&#8221;inherit&#8221; column_padding_phone=&#8221;inherit&#8221; column_padding_position=&#8221;all&#8221; background_color_opacity=&#8221;1&#8243; background_hover_color_opacity=&#8221;1&#8243; column_shadow=&#8221;none&#8221; column_border_radius=&#8221;none&#8221; column_link_target=&#8221;_self&#8221; gradient_direction=&#8221;left_to_right&#8221; overlay_strength=&#8221;0.3&#8243; width=&#8221;1\/2&#8243; tablet_width_inherit=&#8221;default&#8221; tablet_text_alignment=&#8221;default&#8221; phone_text_alignment=&#8221;default&#8221; column_border_width=&#8221;none&#8221; column_border_style=&#8221;solid&#8221; bg_image_animation=&#8221;none&#8221;][vc_column_text]<b>Przedsi\u0119biorstwo Handlowe Volpex Piotr Wolak<\/b><br \/>\nul.\u00a0Lwowska 131<br \/>\n33-300 Nowy S\u0105cz<br \/>\ntel.: 691 059 004<br \/>\n<a href=\"mailto:zaopatrzenie@volpex.com.pl\">zaopatrzenie@volpex.com.pl<\/a><br \/>\nvolpex.com.pl<\/p>\n<p><b>SULIMA-ART Pawe\u0142 Jarosi\u0144ski<\/b><br \/>\nul. Powsta\u0144c\u00f3w Warszawy 42\/24<br \/>\n35-040 Rzesz\u00f3w<br \/>\ntel.: 604 802 124<br \/>\n<a href=\"mailto:sulimaart@wp.pl\">sulimaart@wp.pl<\/a><\/p>\n<p><b>Firma Wielobran\u017cowa K\u0142opot<\/b><br \/>\nul. Widna G\u00f3ra ul Jaros\u0142awska 62<br \/>\n37-500 Jaros\u0142aw<br \/>\ntel.: 16 621 75 99<br \/>\n<a href=\"mailto:bhpklopot@interia.pl\">bhpklopot@interia.pl<\/a><br \/>\n<a href=\"http:\/\/www.klopot.com.pl\">www.klopot.com.pl<\/a><\/p>\n<p><b>BRAMMER S.A.<\/b><br \/>\nul. Handlowa 2 A<br \/>\n36-100 Kolbuszowa<br \/>\ntel.: 17 227 00 00<br \/>\n<a href=\"mailto:brammer@brammer.pl\">brammer@brammer.pl<\/a><\/p>\n<p><b>ELAN-VITAL s.c. Maria i\u00a0Jan Mostowik<\/b><br \/>\nul. Piaskowa 9<br \/>\n39-300 Mielec<br \/>\ntel.: 17 583 14 64<br \/>\n<a href=\"mailto:jmarszalekev@wp.pl\">jmarszalekev@wp.pl<\/a><\/p>\n<p><b>ABC Higiena Andrzej Gurba, Piotr Krasowski s.c.<br \/>\n<\/b>ul. P\u00f3lko 12<br \/>\n05-270 Nadma<br \/>\ntel.: 22 781 14 00<br \/>\n<a href=\"mailto:biuro@abchigiena.com\">biuro@abchigiena.com<\/a><\/p>\n<p><b>FHU PARTNER Krzysztof Chmielewski<\/b><br \/>\nul. Nowomiejska 4\/24<br \/>\n16-400 Suwa\u0142ki<br \/>\ntel.: 502 764 398<\/p>\n<p><b>KIMSID Sp. z o. o.<\/b><br \/>\nul. Zg\u00f3rsko 85,<span class=\"Apple-converted-space\">\u00a0<\/span><br \/>\n26-052 Nowiny<br \/>\nTel. 668 019 018; 41 341 74 68<br \/>\n<a href=\"mailto:info@kimsid.pl\">info@kimsid.pl<\/a><\/p>\n<p><b>Firma &#8220;ZAB\u0141OCKI&#8221; Micha\u0142 Bajorek<\/b><br \/>\nul. Radzikowskiego 51<br \/>\n31-315 Krak\u00f3w<br \/>\ntel.: 12 626 71 40<br \/>\n<a href=\"mailto:zablocki@zablocki.pl\">zablocki@zablocki.pl<\/a><br \/>\n<a href=\"http:\/\/www.zablocki.pl\">www.zablocki.pl<\/a><\/p>\n<p><b>Globen Logistyka<br \/>\n<\/b>ul. Nowowiejska 8<br \/>\n30-052 Krak\u00f3w<br \/>\ntel.: 601 412 604<br \/>\n<a href=\"mailto:juma@globen.pl\">juma@globen.pl<\/a><br \/>\ngloben.pl<\/p>\n<p><b>ELPRO Janusz Bogacz<\/b><br \/>\nul. Wies\u0142awa Wody 21<br \/>\n33-100 Tarn\u00f3w<br \/>\ntel.: 601 53 53 56<br \/>\n<a href=\"mailto:elpro_tarnow@op.pl\">elpro_tarnow@op.pl<\/a><\/p>\n<p><b>Firma Handlowo Us\u0142ugowa RADMAX<\/b><br \/>\nul. Solidarno\u015bci 8<br \/>\n37-450 Stalowa Wola<br \/>\ntel.: 789 333 688<br \/>\n<a href=\"mailto:radmax@radmax.com.pl\">radmax@radmax.com.pl<\/a><\/p>\n<p><b>&#8220;2-E&#8221; s.c.<\/b><br \/>\nul. 1905 Roku 30A<br \/>\n26-600 Radom<br \/>\ntel.: 48 362 22 22<br \/>\n<a href=\"mailto:biuro@2-e.com.pl\">biuro@2-e.com.pl<\/a><\/p>\n<p><strong>ARTY Artur Czo\u0142omiej<\/strong><br \/>\nul. Nugat 8\/61<br \/>\n02-776 Warszawa<br \/>\nTel. 530 304 502; 22 875 45 11<br \/>\n<a href=\"mailto:Biuro.arty@gmail.com\">Biuro.arty@gmail.com<\/a><\/p>\n<p><strong>P.H.U Europol Galas Sylwester<br \/>\n<\/strong>ul. Zamkowa 29<br \/>\n05-480 Otwock Wielki<br \/>\ntel.: 605 461 004<br \/>\n<a href=\"mailto:czysciwa@o2.pl\">czysciwa@o2.pl<\/a><\/p>\n<p><b>\u041b\u0443\u0446\u0456\u0432 \u0420\u0443\u0441\u043b\u0430\u043d \u0420\u0443\u0441\u043b\u0430\u043do\u0432\u0446\u0447<br \/>\n<\/b>\u041a\u0430\u043b\u0443\u0448<br \/>\ntel.: +38095 161 71 80, +38067 660 61 66<br \/>\n<a href=\"mailto:ruslanlutsiv@ukr.net\">ruslanlutsiv@ukr.net<\/a><\/p>\n<p><strong>SOLVE Robert Wi\u015bniewski<\/strong><br \/>\nul. Hornostaje 4<br \/>\n19-100\u00a0Mo\u0144ki<br \/>\ntel.: 730 665 499<br \/>\n<a href=\"mailto:kontakt@solverw.pl\">kontakt@solverw.pl<\/a>[\/vc_column_text][\/vc_column][\/vc_row]\n","protected":false},"excerpt":{"rendered":"<p>[vc_row type=&#8221;full_width_content&#8221; full_screen_row_position=&#8221;middle&#8221; column_margin=&#8221;default&#8221; column_direction=&#8221;default&#8221; column_direction_tablet=&#8221;default&#8221; column_direction_phone=&#8221;default&#8221; scene_position=&#8221;center&#8221; text_color=&#8221;dark&#8221; text_align=&#8221;left&#8221; row_border_radius=&#8221;none&#8221; row_border_radius_applies=&#8221;bg&#8221; overlay_strength=&#8221;0.3&#8243; gradient_direction=&#8221;left_to_right&#8221; shape_divider_position=&#8221;bottom&#8221; bg_image_animation=&#8221;none&#8221; shape_type=&#8221;&#8221;][vc_column column_padding=&#8221;no-extra-padding&#8221; column_padding_tablet=&#8221;inherit&#8221; column_padding_phone=&#8221;inherit&#8221; column_padding_position=&#8221;all&#8221; background_color_opacity=&#8221;1&#8243; background_hover_color_opacity=&#8221;1&#8243; column_shadow=&#8221;none&#8221; column_border_radius=&#8221;none&#8221;&#8230;<\/p>\n","protected":false},"author":138,"featured_media":0,"parent":0,"menu_order":0,"comment_status":"closed","ping_status":"closed","template":"","meta":{"footnotes":""},"yoast_head":"<!-- This site is optimized with the Yoast SEO plugin v23.6 - https:\/\/yoast.com\/wordpress\/plugins\/seo\/ -->\n<title>I nostri rappresentanti - Sulima | Producent chemii dla domu i przemys\u0142u<\/title>\n<meta name=\"robots\" content=\"index, follow, max-snippet:-1, max-image-preview:large, max-video-preview:-1\" \/>\n<link rel=\"canonical\" href=\"https:\/\/it.sulima.eu\/index.php\/i-nostri-rappresentanti\/\" \/>\n<meta property=\"og:locale\" content=\"it_IT\" \/>\n<meta property=\"og:type\" content=\"article\" \/>\n<meta property=\"og:title\" content=\"I nostri rappresentanti - Sulima | Producent chemii dla domu i przemys\u0142u\" \/>\n<meta property=\"og:description\" content=\"[vc_row type=&#8221;full_width_content&#8221; full_screen_row_position=&#8221;middle&#8221; column_margin=&#8221;default&#8221; column_direction=&#8221;default&#8221; column_direction_tablet=&#8221;default&#8221; column_direction_phone=&#8221;default&#8221; scene_position=&#8221;center&#8221; text_color=&#8221;dark&#8221; text_align=&#8221;left&#8221; row_border_radius=&#8221;none&#8221; row_border_radius_applies=&#8221;bg&#8221; overlay_strength=&#8221;0.3&#8243; gradient_direction=&#8221;left_to_right&#8221; shape_divider_position=&#8221;bottom&#8221; bg_image_animation=&#8221;none&#8221; shape_type=&#8221;&#8221;][vc_column column_padding=&#8221;no-extra-padding&#8221; column_padding_tablet=&#8221;inherit&#8221; column_padding_phone=&#8221;inherit&#8221; column_padding_position=&#8221;all&#8221; background_color_opacity=&#8221;1&#8243; background_hover_color_opacity=&#8221;1&#8243; column_shadow=&#8221;none&#8221; column_border_radius=&#8221;none&#8221;...\" \/>\n<meta property=\"og:url\" content=\"https:\/\/it.sulima.eu\/index.php\/i-nostri-rappresentanti\/\" \/>\n<meta property=\"og:site_name\" content=\"Sulima | Producent chemii dla domu i przemys\u0142u\" \/>\n<meta property=\"article:modified_time\" content=\"2024-07-16T21:08:15+00:00\" \/>\n<meta name=\"twitter:card\" content=\"summary_large_image\" \/>\n<meta name=\"twitter:label1\" content=\"Tempo di lettura stimato\" \/>\n\t<meta name=\"twitter:data1\" content=\"8 minuti\" \/>\n<script type=\"application\/ld+json\" class=\"yoast-schema-graph\">{\"@context\":\"https:\/\/schema.org\",\"@graph\":[{\"@type\":\"WebPage\",\"@id\":\"https:\/\/it.sulima.eu\/index.php\/i-nostri-rappresentanti\/\",\"url\":\"https:\/\/it.sulima.eu\/index.php\/i-nostri-rappresentanti\/\",\"name\":\"I nostri rappresentanti - Sulima | Producent chemii dla domu i przemys\u0142u\",\"isPartOf\":{\"@id\":\"https:\/\/ru.sulima.eu\/#website\"},\"datePublished\":\"2021-01-09T14:55:45+00:00\",\"dateModified\":\"2024-07-16T21:08:15+00:00\",\"breadcrumb\":{\"@id\":\"https:\/\/it.sulima.eu\/index.php\/i-nostri-rappresentanti\/#breadcrumb\"},\"inLanguage\":\"it-IT\",\"potentialAction\":[{\"@type\":\"ReadAction\",\"target\":[\"https:\/\/it.sulima.eu\/index.php\/i-nostri-rappresentanti\/\"]}]},{\"@type\":\"BreadcrumbList\",\"@id\":\"https:\/\/it.sulima.eu\/index.php\/i-nostri-rappresentanti\/#breadcrumb\",\"itemListElement\":[{\"@type\":\"ListItem\",\"position\":1,\"name\":\"Strona g\u0142\u00f3wna\",\"item\":\"https:\/\/it.sulima.eu\/\"},{\"@type\":\"ListItem\",\"position\":2,\"name\":\"I nostri rappresentanti\"}]},{\"@type\":\"WebSite\",\"@id\":\"https:\/\/ru.sulima.eu\/#website\",\"url\":\"https:\/\/ru.sulima.eu\/\",\"name\":\"Sulima | Producent chemii dla domu i przemys\u0142u\",\"description\":\"pasty \u017cele do mycia r\u0105k p\u0142yny koncentraty myj\u0105ce \u015brodki chemiczne\",\"potentialAction\":[{\"@type\":\"SearchAction\",\"target\":{\"@type\":\"EntryPoint\",\"urlTemplate\":\"https:\/\/ru.sulima.eu\/?s={search_term_string}\"},\"query-input\":{\"@type\":\"PropertyValueSpecification\",\"valueRequired\":true,\"valueName\":\"search_term_string\"}}],\"inLanguage\":\"it-IT\"}]}<\/script>\n<!-- \/ Yoast SEO plugin. -->","yoast_head_json":{"title":"I nostri rappresentanti - Sulima | Producent chemii dla domu i przemys\u0142u","robots":{"index":"index","follow":"follow","max-snippet":"max-snippet:-1","max-image-preview":"max-image-preview:large","max-video-preview":"max-video-preview:-1"},"canonical":"https:\/\/it.sulima.eu\/index.php\/i-nostri-rappresentanti\/","og_locale":"it_IT","og_type":"article","og_title":"I nostri rappresentanti - Sulima | Producent chemii dla domu i przemys\u0142u","og_description":"[vc_row type=&#8221;full_width_content&#8221; full_screen_row_position=&#8221;middle&#8221; column_margin=&#8221;default&#8221; column_direction=&#8221;default&#8221; column_direction_tablet=&#8221;default&#8221; column_direction_phone=&#8221;default&#8221; scene_position=&#8221;center&#8221; text_color=&#8221;dark&#8221; text_align=&#8221;left&#8221; row_border_radius=&#8221;none&#8221; row_border_radius_applies=&#8221;bg&#8221; overlay_strength=&#8221;0.3&#8243; gradient_direction=&#8221;left_to_right&#8221; shape_divider_position=&#8221;bottom&#8221; bg_image_animation=&#8221;none&#8221; shape_type=&#8221;&#8221;][vc_column column_padding=&#8221;no-extra-padding&#8221; column_padding_tablet=&#8221;inherit&#8221; column_padding_phone=&#8221;inherit&#8221; column_padding_position=&#8221;all&#8221; background_color_opacity=&#8221;1&#8243; background_hover_color_opacity=&#8221;1&#8243; column_shadow=&#8221;none&#8221; column_border_radius=&#8221;none&#8221;...","og_url":"https:\/\/it.sulima.eu\/index.php\/i-nostri-rappresentanti\/","og_site_name":"Sulima | Producent chemii dla domu i przemys\u0142u","article_modified_time":"2024-07-16T21:08:15+00:00","twitter_card":"summary_large_image","twitter_misc":{"Tempo di lettura stimato":"8 minuti"},"schema":{"@context":"https:\/\/schema.org","@graph":[{"@type":"WebPage","@id":"https:\/\/it.sulima.eu\/index.php\/i-nostri-rappresentanti\/","url":"https:\/\/it.sulima.eu\/index.php\/i-nostri-rappresentanti\/","name":"I nostri rappresentanti - Sulima | Producent chemii dla domu i przemys\u0142u","isPartOf":{"@id":"https:\/\/ru.sulima.eu\/#website"},"datePublished":"2021-01-09T14:55:45+00:00","dateModified":"2024-07-16T21:08:15+00:00","breadcrumb":{"@id":"https:\/\/it.sulima.eu\/index.php\/i-nostri-rappresentanti\/#breadcrumb"},"inLanguage":"it-IT","potentialAction":[{"@type":"ReadAction","target":["https:\/\/it.sulima.eu\/index.php\/i-nostri-rappresentanti\/"]}]},{"@type":"BreadcrumbList","@id":"https:\/\/it.sulima.eu\/index.php\/i-nostri-rappresentanti\/#breadcrumb","itemListElement":[{"@type":"ListItem","position":1,"name":"Strona g\u0142\u00f3wna","item":"https:\/\/it.sulima.eu\/"},{"@type":"ListItem","position":2,"name":"I nostri rappresentanti"}]},{"@type":"WebSite","@id":"https:\/\/ru.sulima.eu\/#website","url":"https:\/\/ru.sulima.eu\/","name":"Sulima | Producent chemii dla domu i przemys\u0142u","description":"pasty \u017cele do mycia r\u0105k p\u0142yny koncentraty myj\u0105ce \u015brodki chemiczne","potentialAction":[{"@type":"SearchAction","target":{"@type":"EntryPoint","urlTemplate":"https:\/\/ru.sulima.eu\/?s={search_term_string}"},"query-input":{"@type":"PropertyValueSpecification","valueRequired":true,"valueName":"search_term_string"}}],"inLanguage":"it-IT"}]}},"_links":{"self":[{"href":"https:\/\/it.sulima.eu\/index.php\/wp-json\/wp\/v2\/pages\/9974"}],"collection":[{"href":"https:\/\/it.sulima.eu\/index.php\/wp-json\/wp\/v2\/pages"}],"about":[{"href":"https:\/\/it.sulima.eu\/index.php\/wp-json\/wp\/v2\/types\/page"}],"author":[{"embeddable":true,"href":"https:\/\/it.sulima.eu\/index.php\/wp-json\/wp\/v2\/users\/138"}],"replies":[{"embeddable":true,"href":"https:\/\/it.sulima.eu\/index.php\/wp-json\/wp\/v2\/comments?post=9974"}],"version-history":[{"count":0,"href":"https:\/\/it.sulima.eu\/index.php\/wp-json\/wp\/v2\/pages\/9974\/revisions"}],"wp:attachment":[{"href":"https:\/\/it.sulima.eu\/index.php\/wp-json\/wp\/v2\/media?parent=9974"}],"curies":[{"name":"wp","href":"https:\/\/api.w.org\/{rel}","templated":true}]}}